{"id":332,"date":"2025-11-26T12:54:45","date_gmt":"2025-11-26T11:54:45","guid":{"rendered":"https:\/\/ciepnj.ch\/?page_id=332"},"modified":"2026-04-04T13:43:30","modified_gmt":"2026-04-04T11:43:30","slug":"about","status":"publish","type":"page","link":"https:\/\/ciepnj.ch\/","title":{"rendered":"About"},"content":{"rendered":"\t\t<div data-elementor-type=\"wp-page\" data-elementor-id=\"332\" class=\"elementor elementor-332\" data-elementor-post-type=\"page\">\n\t\t\t\t<div class=\"elementor-element elementor-element-6f1c4f6 e-flex e-con-boxed e-con e-parent\" data-id=\"6f1c4f6\" data-element_type=\"container\">\n\t\t\t\t\t<div class=\"e-con-inner\">\n\t\t<div class=\"elementor-element elementor-element-82dab59 e-con-full e-flex e-con e-child\" data-id=\"82dab59\" data-element_type=\"container\">\n\t\t\t\t<div class=\"elementor-element elementor-element-5b391b6 elementor-widget__width-initial elementor-widget elementor-widget-image\" data-id=\"5b391b6\" data-element_type=\"widget\" data-widget_type=\"image.default\">\n\t\t\t\t\t\t\t\t\t\t\t\t\t\t\t<img fetchpriority=\"high\" decoding=\"async\" width=\"619\" height=\"619\" src=\"https:\/\/ciepnj.ch\/wp-content\/uploads\/2025\/11\/laura_denhondt.jpg\" class=\"attachment-large size-large wp-image-77\" alt=\"\" srcset=\"https:\/\/ciepnj.ch\/wp-content\/uploads\/2025\/11\/laura_denhondt.jpg 619w, https:\/\/ciepnj.ch\/wp-content\/uploads\/2025\/11\/laura_denhondt-300x300.jpg 300w, https:\/\/ciepnj.ch\/wp-content\/uploads\/2025\/11\/laura_denhondt-150x150.jpg 150w\" sizes=\"(max-width: 619px) 100vw, 619px\" \/>\t\t\t\t\t\t\t\t\t\t\t\t\t\t\t<\/div>\n\t\t\t\t<\/div>\n\t\t<div class=\"elementor-element elementor-element-28866f8 e-con-full e-flex e-con e-child\" data-id=\"28866f8\" data-element_type=\"container\">\n\t\t\t\t<div class=\"elementor-element elementor-element-d92439b elementor-widget elementor-widget-text-editor\" data-id=\"d92439b\" data-element_type=\"widget\" data-widget_type=\"text-editor.default\">\n\t\t\t\t\t\t\t\t\t<p><strong>Laura Den Hondt<\/strong> est une <strong>actrice<\/strong> et <strong>performeuse<\/strong> belge, elle vit et travaille \u00e0 Gen\u00e8ve. N\u00e9e en 1993 \u00e0 Li\u00e8ge, elle \u00e9tudie au Conservatoire Royal de Bruxelles et obtient son Bachelor en art dramatique. Puis elle suit un Circuit d\u2019orientation professionnelle sp\u00e9cialis\u00e9 en arts du spectacle au Conservatoire de Lyon. <strong>En 2015, elle int\u00e8gre le Bachelor Th\u00e9\u00e2tre \u00e0 la Haute \u00e9cole des arts et de la sc\u00e8ne, La Manufacture HES-SO de Lausanne.<\/strong><\/p><p>\u00c0 sa sortie d\u2019\u00e9cole, elle cr\u00e9e <em>Femme en appartement<\/em>, une performance \u00e0 partir du texte <em>\u00abExtermination de peuple\u00bb<\/em> de Werner Schwabb, qui parle du d\u00e9bordement et de la solitude. Elle pr\u00e9sente ce travail dans diff\u00e9rents lieux in situ et au Th\u00e9\u00e2tre du Loup \u00e0 Gen\u00e8ve en 2019, lors du festival <em>C\u2019est d\u00e9j\u00e0 demain<\/em>. Puis <em>J\u2019ai vu, ventre (\u2026.)<\/em>, au Centre culturel des grottes &#8211; Gen\u00e8ve, petite pi\u00e8ce po\u00e9tique sur son avortement. <strong>En 2021, elle devient artiste associ\u00e9e \u00e0 l\u2019Abri de Gen\u00e8ve et entame une recherche autour de la transformation, de la construction de son image et de l\u2019\u00e9criture de po\u00e8mes chant\u00e9s. Elle y pr\u00e9sente Exhibition, performance participative o\u00f9 le public agit sur elle et modifie son apparence.<\/strong> Avec l\u2019intime au centre de sa cr\u00e9ation, elle questionne le d\u00e9voilement de soi comme objet d\u2019art et s\u2019int\u00e9resse au confessionnalisme, courant am\u00e9ricain faisant du traumatisme intime et du blasph\u00e8me un moteur de la cr\u00e9ation.<\/p><p>En parall\u00e8le, elle collabore avec Nina Negri sur trois spectacles. <em>M.La Multiple<\/em> en 2019 (Th\u00e9\u00e2tre de Vidy-Lausanne), pi\u00e8ce sur la maternit\u00e9 o\u00f9 elle joue pour la premi\u00e8re fois ses propres textes. <em>Sous Influence<\/em> en 2021\/2022 (Th\u00e9\u00e2tre de Vidy-Lausanne, Com\u00e9die de Gen\u00e8ve, TPR &#8211; Chaux-de-fonds, TLH &#8211; Sierre, Th\u00e9\u00e2tre Louis-Aragon &#8211; Tremblay-en-France), s<strong>pectacle musical \u00e0 partir d\u2019 <em>Une femme sous influence<\/em> de John Cassavetes, o\u00f9 elle \u00e9crit, compose et joue.<\/strong> Et <em>Violence Forest<\/em> en 2023\/2024 (Th\u00e9\u00e2tre de Vidy-Lausanne, Th\u00e9\u00e2tre de la Cit\u00e9 Internationale &#8211; Paris, Com\u00e9die de Gen\u00e8ve) seul en sc\u00e8ne performatif et musical \u00e0 partir de <em>Pastorale Am\u00e9ricaine<\/em> de Philipp Roth, qu\u2019elle co-signe. Elle joue \u00e9galement dans <em>Foucault en Californie<\/em> de Lionel Baier en 2022\/2024 (Th\u00e9\u00e2tre de Vidy-Lausanne, Basel Theater, Com\u00e9die de Gen\u00e8ve).<\/p><p>Actuellement, elle travaille avec Nina Negri sur un spectacle pour enfants dans les classes, <em>La r\u00e9volte des Zozios<\/em>, produit par le Th\u00e9\u00e2tre de Vidy et l\u2019UNIL dans le cadre du dispositif art &amp; science du <em>Th\u00e9\u00e2tre des futurs possibles<\/em>. <strong>Laura vient \u00e9galement de monter sa compagnie \u00e0 Gen\u00e8ve, cie PNJ, avec laquelle elle a pr\u00e9sent\u00e9 une nouvelle version d&rsquo;<em>Exhibition<\/em> au Mapping Festival en mai 2025, qui se poursuit actuellement.<\/strong><\/p>\t\t\t\t\t\t\t\t<\/div>\n\t\t\t\t<\/div>\n\t\t\t\t\t<\/div>\n\t\t\t\t<\/div>\n\t\t<div class=\"elementor-element elementor-element-3578eb0 e-flex e-con-boxed e-con e-parent\" data-id=\"3578eb0\" data-element_type=\"container\">\n\t\t\t\t\t<div class=\"e-con-inner\">\n\t\t<div class=\"elementor-element elementor-element-e3a9fbb e-con-full e-flex e-con e-child\" data-id=\"e3a9fbb\" data-element_type=\"container\">\n\t\t\t\t<div class=\"elementor-element elementor-element-e13bda6 elementor-widget elementor-widget-image\" data-id=\"e13bda6\" data-element_type=\"widget\" data-widget_type=\"image.default\">\n\t\t\t\t\t\t\t\t\t\t\t\t\t\t\t<img decoding=\"async\" width=\"619\" height=\"619\" src=\"https:\/\/ciepnj.ch\/wp-content\/uploads\/2025\/11\/guilhem_causse.jpg\" class=\"attachment-large size-large wp-image-76\" alt=\"\" srcset=\"https:\/\/ciepnj.ch\/wp-content\/uploads\/2025\/11\/guilhem_causse.jpg 619w, https:\/\/ciepnj.ch\/wp-content\/uploads\/2025\/11\/guilhem_causse-300x300.jpg 300w, https:\/\/ciepnj.ch\/wp-content\/uploads\/2025\/11\/guilhem_causse-150x150.jpg 150w\" sizes=\"(max-width: 619px) 100vw, 619px\" \/>\t\t\t\t\t\t\t\t\t\t\t\t\t\t\t<\/div>\n\t\t\t\t<\/div>\n\t\t<div class=\"elementor-element elementor-element-5708f50 e-con-full e-flex e-con e-child\" data-id=\"5708f50\" data-element_type=\"container\">\n\t\t\t\t<div class=\"elementor-element elementor-element-5b3fbd6 elementor-widget elementor-widget-text-editor\" data-id=\"5b3fbd6\" data-element_type=\"widget\" data-widget_type=\"text-editor.default\">\n\t\t\t\t\t\t\t\t\t<p>Guilhem Causse est un <strong>r\u00e9alisateur<\/strong>, <strong>musicien<\/strong> et <strong>artiste plasticien<\/strong> fran\u00e7ais, il vit et travaille \u00e0 Montpellier. N\u00e9 en 1993 \u00e0 Narbonne, il entre aux Beaux-Arts de Montpellier en 2012. Il y d\u00e9veloppe un travail situ\u00e9 autour de la relation entre l\u2019image et le son, sous forme d\u2019installations et de projections vid\u00e9o, \u00e0 mi-chemin entre le cin\u00e9ma, le spectacle et l\u2019art contemporain. Fascin\u00e9 par la collapsologie, il s\u2019int\u00e9resse \u00e0 la captation de ph\u00e9nom\u00e8nes naturels et m\u00e9t\u00e9orologiques, qu\u2019il m\u00e9lange ensuite \u00e0 des images virtuelles dans des espaces intemporels, o\u00f9 le spectateur est invit\u00e9 \u00e0 s\u2019installer.<\/p>\n<p>Apr\u00e8s avoir obtenu son DNSEP en 2017, <strong>il d\u00e9veloppe une recherche autour de l\u2019\u0153uvre <em>Solaris<\/em>, qu\u2019il d\u00e9cline en une s\u00e9rie d\u2019\u0153uvres vid\u00e9o et sonores, sous forme d\u2019installations hypnotiques et immersives<\/strong>. Entre autres, il expose pour <em>Boom<\/em> &amp; <em>Drawing Room<\/em> \u00e0 La Panac\u00e9e Montpellier, en 2017 et 2019. Par la suite, il sera invit\u00e9 \u00e0 cr\u00e9er une pi\u00e8ce sonore pour l\u2019exposition <em>Intelligence Artificielle Vivante<\/em>, \u00e0 Pont-du-Gard en 2021. <strong>En 2018, apr\u00e8s avoir r\u00e9alis\u00e9 avec Ekiem Barbier et Quentin L\u2019Helgoualc\u2019h un court m\u00e9trage nomm\u00e9 <em>Marlowe Drive<\/em>, il continue avec cette m\u00eame \u00e9quipe et r\u00e9alise <em>Knit\u2019s Island<\/em>, long-m\u00e9trage documentaire exclusivement tourn\u00e9 \u00e0 l\u2019int\u00e9rieur d\u2019un jeu-vid\u00e9o en ligne, qui explore les relations qu&rsquo;ont les joueurs avec le r\u00e9el et l\u2019espace virtuel qu\u2019ils habitent.<\/strong> Le film obtient de nombreuses s\u00e9lections et prix en festival, dont le prix <em>Burning Lights<\/em> \u00e0 Visions du R\u00e9el, puis une sortie en cin\u00e9ma en France et dans plusieurs autres pays dans le monde. En 2025 il r\u00e9alise <em>La Vraie Vie<\/em>, s\u00e9rie en cinq \u00e9pisodes qui raconte la tentative d\u2019int\u00e9gration d\u2019un acteur, Victor Assi\u00e9, au sein d\u2019un monde o\u00f9 les joueurs reproduisent une soci\u00e9t\u00e9 contemporaine, en coproduction avec Arte.<\/p>\n<p>Durant cette p\u00e9riode, il travaille comme artiste dans le <em>Collectif In Extremis<\/em>, qui participe \u00e0 de nombreuses expositions, dont <em>100 artistes dans la ville<\/em> en 2019 \u00e0 Montpellier. Cette pratique collective l\u2019a aussi tourn\u00e9 vers une production sc\u00e9nique, comme au spectacle <em>B.O.B<\/em> r\u00e9alis\u00e9 \u00e0 la sc\u00e8ne de Bayssan en 2022. Guilhem a \u00e9galement travaill\u00e9 sur des projets en tant que musicien, notamment sur <em>Akousma<\/em> de Geoffrey Badel en collaboration avec Mathilde Monnier.<\/p>\n<p>En 2025, <strong>il dirige les p\u00f4les artistiques &amp; techniques de la performance <em>Exhibition<\/em><\/strong>, pr\u00e9sent\u00e9e au Mapping Festival. En avril 2026, il pr\u00e9sentera son nouveau court-m\u00e9trage, <em>Normal Planet<\/em>, en comp\u00e9tition \u00e0 Visions du R\u00e9el.<\/p>\t\t\t\t\t\t\t\t<\/div>\n\t\t\t\t<\/div>\n\t\t\t\t\t<\/div>\n\t\t\t\t<\/div>\n\t\t\t\t<\/div>\n\t\t","protected":false},"excerpt":{"rendered":"<p>Laura Den Hondt est une actrice et performeuse belge, elle vit et travaille \u00e0 Gen\u00e8ve. N\u00e9e en 1993 \u00e0 Li\u00e8ge, elle \u00e9tudie au Conservatoire Royal de Bruxelles et obtient son Bachelor en art dramatique. Puis elle suit un Circuit d\u2019orientation professionnelle sp\u00e9cialis\u00e9 en arts du spectacle au Conservatoire de Lyon. En 2015, elle int\u00e8gre le [&hellip;]<\/p>\n","protected":false},"author":1,"featured_media":0,"parent":0,"menu_order":0,"comment_status":"closed","ping_status":"closed","template":"","meta":{"footnotes":""},"class_list":["post-332","page","type-page","status-publish","hentry"],"_links":{"self":[{"href":"https:\/\/ciepnj.ch\/index.php?rest_route=\/wp\/v2\/pages\/332","targetHints":{"allow":["GET"]}}],"collection":[{"href":"https:\/\/ciepnj.ch\/index.php?rest_route=\/wp\/v2\/pages"}],"about":[{"href":"https:\/\/ciepnj.ch\/index.php?rest_route=\/wp\/v2\/types\/page"}],"author":[{"embeddable":true,"href":"https:\/\/ciepnj.ch\/index.php?rest_route=\/wp\/v2\/users\/1"}],"replies":[{"embeddable":true,"href":"https:\/\/ciepnj.ch\/index.php?rest_route=%2Fwp%2Fv2%2Fcomments&post=332"}],"version-history":[{"count":25,"href":"https:\/\/ciepnj.ch\/index.php?rest_route=\/wp\/v2\/pages\/332\/revisions"}],"predecessor-version":[{"id":460,"href":"https:\/\/ciepnj.ch\/index.php?rest_route=\/wp\/v2\/pages\/332\/revisions\/460"}],"wp:attachment":[{"href":"https:\/\/ciepnj.ch\/index.php?rest_route=%2Fwp%2Fv2%2Fmedia&parent=332"}],"curies":[{"name":"wp","href":"https:\/\/api.w.org\/{rel}","templated":true}]}}